{"id":10101996,"date":"2024-02-04T20:28:55","date_gmt":"2024-02-04T19:28:55","guid":{"rendered":"https:\/\/www.projektwrzesnia.pl\/wordpress\/?page_id=10101996"},"modified":"2024-04-19T21:26:02","modified_gmt":"2024-04-19T20:26:02","slug":"wybory","status":"publish","type":"page","link":"https:\/\/www.projektwrzesnia.pl\/wordpress\/wybory\/","title":{"rendered":"Wybory samorz\u0105dowe 2024"},"content":{"rendered":"\n<p class=\"has-medium-font-size\">Witamy na stronie <strong>Komitetu Wyborczego Projekt Wrze\u015bnia<\/strong><\/p>\n\n\n\n<p style=\"font-size:29px;font-style:normal;font-weight:800\">DAMIAN STANISZEWSKI &#8211; KANDYDAT NA BURMISTRZA WRZE\u015aNI<\/p>\n\n\n\n<figure class=\"wp-block-image size-full\"><img loading=\"lazy\" decoding=\"async\" width=\"1974\" height=\"2560\" src=\"https:\/\/www.projektwrzesnia.pl\/wordpress\/wp-content\/uploads\/2024\/04\/02-1-scaled.jpg\" alt=\"\" class=\"wp-image-10103026\" srcset=\"https:\/\/www.projektwrzesnia.pl\/wordpress\/wp-content\/uploads\/2024\/04\/02-1-scaled.jpg 1974w, https:\/\/www.projektwrzesnia.pl\/wordpress\/wp-content\/uploads\/2024\/04\/02-1-231x300.jpg 231w, https:\/\/www.projektwrzesnia.pl\/wordpress\/wp-content\/uploads\/2024\/04\/02-1-789x1024.jpg 789w, https:\/\/www.projektwrzesnia.pl\/wordpress\/wp-content\/uploads\/2024\/04\/02-1-768x996.jpg 768w, https:\/\/www.projektwrzesnia.pl\/wordpress\/wp-content\/uploads\/2024\/04\/02-1-1184x1536.jpg 1184w, https:\/\/www.projektwrzesnia.pl\/wordpress\/wp-content\/uploads\/2024\/04\/02-1-1579x2048.jpg 1579w\" sizes=\"auto, (max-width: 1974px) 100vw, 1974px\" \/><\/figure>\n\n\n\n<div class=\"wp-block-columns is-layout-flex wp-container-core-columns-is-layout-9d6595d7 wp-block-columns-is-layout-flex\">\n<div class=\"wp-block-column is-layout-flow wp-block-column-is-layout-flow\" style=\"flex-basis:66.66%\">\n<p>Jestem kandydatem na burmistrza Wrze\u015bni, z pe\u0142nym zaanga\u017cowaniem w rozw\u00f3j miasta i gminy, kt\u00f3re traktuj\u0119 jako swoj\u0105 \u017cyciow\u0105 pasj\u0119.<\/p>\n\n\n\n<p>Mam 34 lata. Jestem absolwentem Liceum im. Henryka Sienkiewicza. Uko\u0144czy\u0142em histori\u0119 na Uniwersytecie im. Adama Mickiewicza w Poznaniu oraz Uniwersytecie Diderota w Pary\u017cu, co umo\u017cliwi\u0142o mi zdobycie szerokiej perspektywy kulturowej i spo\u0142ecznej. Dodatkowo, uzyska\u0142em wykszta\u0142cenie prawnicze na Uniwersytecie SWPS w Warszawie, kt\u00f3re pozwala mi holistycznie podej\u015b\u0107 do kwestii zarz\u0105dzania miastem i gmin\u0105.<\/p>\n\n\n\n<p>Zawodowo pracuj\u0119 na stanowisku menad\u017cerskim w mi\u0119dzynarodowym przedsi\u0119biorstwie. Poza tym jestem prawnikiem w jednej z wrzesi\u0144skich kancelarii. To daje mi szerokie do\u015bwiadczenie zawodowe, kt\u00f3re mo\u017ce by\u0107 skutecznie wykorzystane w pracy na rzecz miasta i gminy.<\/p>\n\n\n\n<p>Moje zaanga\u017cowanie spo\u0142eczne to nie tylko abstrakcyjne idee, ale konkretne dzia\u0142ania. Od 2015 roku sprawuj\u0119 funkcj\u0119 prezesa stowarzyszenia Projekt Wrze\u015bnia, zacie\u015bniaj\u0105c wi\u0119zi spo\u0142eczne i rozwijaj\u0105c projekty s\u0142u\u017c\u0105ce mieszka\u0144com. Od 2016 roku jestem spo\u0142ecznym opiekunem zabytk\u00f3w, co \u015bwiadczy o mojej trosce o dziedzictwo kulturowe Wrze\u015bni i okolicy.<\/p>\n\n\n\n<p>Aktywnie uczestnicz\u0119 w procesach decyzyjnych, b\u0119d\u0105c cz\u0142onkiem Rady Miejskiej od 2018 roku. Moje do\u015bwiadczenie poszerza tak\u017ce rola w Radzie Rozwoju Wa\u0142brzyskiej Specjalnej Strefy Ekonomicznej oraz zaanga\u017cowanie w Ochotnicz\u0105 Stra\u017c Po\u017carn\u0105 we Wrze\u015bni.<\/p>\n\n\n\n<p>Pragn\u0119, aby Miasto i Gmina Wrze\u015bnia sta\u0142a si\u0119 dynamicznym i otwartym miejscem, gdzie t\u0119tni \u017cycie spo\u0142eczne, gospodarcze i kulturalne. Nasze pomys\u0142y s\u0105 drogowskazem do osi\u0105gni\u0119cia tego celu. Wierz\u0119, \u017ce dzi\u0119ki wsp\u00f3lnemu wysi\u0142kowi, mo\u017cemy uczyni\u0107 nasze miasto jeszcze lepszym miejscem do \u017cycia dla wszystkich mieszka\u0144c\u00f3w.<\/p>\n\n\n\n<p>Chcesz wiedzie\u0107 wi\u0119cej?<\/p>\n\n\n\n<p><a href=\"mailto:d-staniszewski@o2.pl\">d-staniszewski@o2.pl<\/a><\/p>\n\n\n\n<p>FB: Damian Staniszewski<\/p>\n\n\n\n<p>IG: staniszewski.damian<\/p>\n\n\n\n<p><a href=\"http:\/\/www.facebook.com\/projektwrzesnia\">www.facebook.com\/projektwrzesnia<\/a><\/p>\n<\/div>\n\n\n\n<div class=\"wp-block-column is-layout-flow wp-block-column-is-layout-flow\" style=\"flex-basis:33.33%\">\n<figure class=\"wp-block-image size-large\"><img loading=\"lazy\" decoding=\"async\" width=\"727\" height=\"1024\" src=\"https:\/\/www.projektwrzesnia.pl\/wordpress\/wp-content\/uploads\/2024\/02\/Staniszewski_Damian-727x1024.jpg\" alt=\"\" class=\"wp-image-10102541\" srcset=\"https:\/\/www.projektwrzesnia.pl\/wordpress\/wp-content\/uploads\/2024\/02\/Staniszewski_Damian-727x1024.jpg 727w, https:\/\/www.projektwrzesnia.pl\/wordpress\/wp-content\/uploads\/2024\/02\/Staniszewski_Damian-213x300.jpg 213w, https:\/\/www.projektwrzesnia.pl\/wordpress\/wp-content\/uploads\/2024\/02\/Staniszewski_Damian-768x1082.jpg 768w, https:\/\/www.projektwrzesnia.pl\/wordpress\/wp-content\/uploads\/2024\/02\/Staniszewski_Damian-1090x1536.jpg 1090w, https:\/\/www.projektwrzesnia.pl\/wordpress\/wp-content\/uploads\/2024\/02\/Staniszewski_Damian-1453x2048.jpg 1453w, https:\/\/www.projektwrzesnia.pl\/wordpress\/wp-content\/uploads\/2024\/02\/Staniszewski_Damian-scaled.jpg 1816w\" sizes=\"auto, (max-width: 727px) 100vw, 727px\" \/><\/figure>\n<\/div>\n<\/div>\n\n\n\n<figure class=\"wp-block-image size-full\"><img loading=\"lazy\" decoding=\"async\" width=\"1217\" height=\"1552\" src=\"https:\/\/www.projektwrzesnia.pl\/wordpress\/wp-content\/uploads\/2024\/04\/04-2.jpg\" alt=\"\" class=\"wp-image-10103033\" srcset=\"https:\/\/www.projektwrzesnia.pl\/wordpress\/wp-content\/uploads\/2024\/04\/04-2.jpg 1217w, https:\/\/www.projektwrzesnia.pl\/wordpress\/wp-content\/uploads\/2024\/04\/04-2-235x300.jpg 235w, https:\/\/www.projektwrzesnia.pl\/wordpress\/wp-content\/uploads\/2024\/04\/04-2-803x1024.jpg 803w, https:\/\/www.projektwrzesnia.pl\/wordpress\/wp-content\/uploads\/2024\/04\/04-2-768x979.jpg 768w, https:\/\/www.projektwrzesnia.pl\/wordpress\/wp-content\/uploads\/2024\/04\/04-2-1204x1536.jpg 1204w\" sizes=\"auto, (max-width: 1217px) 100vw, 1217px\" \/><\/figure>\n\n\n\n<div class=\"wp-block-columns is-layout-flex wp-container-core-columns-is-layout-9d6595d7 wp-block-columns-is-layout-flex\">\n<div class=\"wp-block-column is-layout-flow wp-block-column-is-layout-flow\">\n<div class=\"wp-block-columns is-layout-flex wp-container-core-columns-is-layout-9d6595d7 wp-block-columns-is-layout-flex\">\n<div class=\"wp-block-column is-layout-flow wp-block-column-is-layout-flow\"><div class=\"wp-block-image\">\n<figure class=\"aligncenter size-medium\"><a href=\"https:\/\/www.projektwrzesnia.pl\/wordpress\/wybory\/gmina\/\"><img loading=\"lazy\" decoding=\"async\" width=\"300\" height=\"300\" src=\"https:\/\/www.projektwrzesnia.pl\/wordpress\/wp-content\/uploads\/2024\/03\/GMINA-300x300.png\" alt=\"\" class=\"wp-image-10102803\" srcset=\"https:\/\/www.projektwrzesnia.pl\/wordpress\/wp-content\/uploads\/2024\/03\/GMINA-300x300.png 300w, https:\/\/www.projektwrzesnia.pl\/wordpress\/wp-content\/uploads\/2024\/03\/GMINA-150x150.png 150w, https:\/\/www.projektwrzesnia.pl\/wordpress\/wp-content\/uploads\/2024\/03\/GMINA.png 400w\" sizes=\"auto, (max-width: 300px) 100vw, 300px\" \/><\/a><\/figure><\/div><\/div>\n\n\n\n<div class=\"wp-block-column is-layout-flow wp-block-column-is-layout-flow\"><div class=\"wp-block-image\">\n<figure class=\"aligncenter size-medium\"><a href=\"https:\/\/www.projektwrzesnia.pl\/wordpress\/wybory\/gmina\/program-dla-gminy\/\"><img loading=\"lazy\" decoding=\"async\" width=\"300\" height=\"300\" src=\"https:\/\/www.projektwrzesnia.pl\/wordpress\/wp-content\/uploads\/2024\/03\/PROGRAM_GMINA-300x300.png\" alt=\"\" class=\"wp-image-10102800\" srcset=\"https:\/\/www.projektwrzesnia.pl\/wordpress\/wp-content\/uploads\/2024\/03\/PROGRAM_GMINA-300x300.png 300w, https:\/\/www.projektwrzesnia.pl\/wordpress\/wp-content\/uploads\/2024\/03\/PROGRAM_GMINA-150x150.png 150w, https:\/\/www.projektwrzesnia.pl\/wordpress\/wp-content\/uploads\/2024\/03\/PROGRAM_GMINA.png 400w\" sizes=\"auto, (max-width: 300px) 100vw, 300px\" \/><\/a><\/figure><\/div><\/div>\n<\/div>\n<\/div>\n\n\n\n<div class=\"wp-block-column is-layout-flow wp-block-column-is-layout-flow\">\n<div class=\"wp-block-columns is-layout-flex wp-container-core-columns-is-layout-9d6595d7 wp-block-columns-is-layout-flex\">\n<div class=\"wp-block-column is-layout-flow wp-block-column-is-layout-flow\"><div class=\"wp-block-image\">\n<figure class=\"aligncenter size-medium\"><a href=\"https:\/\/www.projektwrzesnia.pl\/wordpress\/wybory\/powiat\/\"><img loading=\"lazy\" decoding=\"async\" width=\"300\" height=\"300\" src=\"https:\/\/www.projektwrzesnia.pl\/wordpress\/wp-content\/uploads\/2024\/03\/POWIAT-300x300.png\" alt=\"\" class=\"wp-image-10102802\" srcset=\"https:\/\/www.projektwrzesnia.pl\/wordpress\/wp-content\/uploads\/2024\/03\/POWIAT-300x300.png 300w, https:\/\/www.projektwrzesnia.pl\/wordpress\/wp-content\/uploads\/2024\/03\/POWIAT-150x150.png 150w, https:\/\/www.projektwrzesnia.pl\/wordpress\/wp-content\/uploads\/2024\/03\/POWIAT.png 400w\" sizes=\"auto, (max-width: 300px) 100vw, 300px\" \/><\/a><\/figure><\/div><\/div>\n\n\n\n<div class=\"wp-block-column is-layout-flow wp-block-column-is-layout-flow\"><div class=\"wp-block-image\">\n<figure class=\"aligncenter size-medium\"><a href=\"https:\/\/www.projektwrzesnia.pl\/wordpress\/wybory\/powiat\/program-dla-powiatu\/\"><img loading=\"lazy\" decoding=\"async\" width=\"300\" height=\"300\" src=\"https:\/\/www.projektwrzesnia.pl\/wordpress\/wp-content\/uploads\/2024\/03\/POWIAT_PROGRAM-300x300.png\" alt=\"\" class=\"wp-image-10102801\" srcset=\"https:\/\/www.projektwrzesnia.pl\/wordpress\/wp-content\/uploads\/2024\/03\/POWIAT_PROGRAM-300x300.png 300w, https:\/\/www.projektwrzesnia.pl\/wordpress\/wp-content\/uploads\/2024\/03\/POWIAT_PROGRAM-150x150.png 150w, https:\/\/www.projektwrzesnia.pl\/wordpress\/wp-content\/uploads\/2024\/03\/POWIAT_PROGRAM.png 400w\" sizes=\"auto, (max-width: 300px) 100vw, 300px\" \/><\/a><\/figure><\/div><\/div>\n<\/div>\n<\/div>\n<\/div>\n\n\n\n<p>Przeczytaj nasz\u0105 gazet\u0119<\/p>\n\n\n\n<div class=\"wp-block-buttons is-layout-flex wp-block-buttons-is-layout-flex\">\n<div class=\"wp-block-button is-style-outline is-style-outline--1\"><a class=\"wp-block-button__link has-black-color has-white-background-color has-text-color has-background has-link-color wp-element-button\" href=\"https:\/\/www.projektwrzesnia.pl\/wordpress\/wp-content\/uploads\/2024\/04\/PW_gazeta_DRUK.pdf\" target=\"_blank\" rel=\"noreferrer noopener\">GAZETA<\/a><\/div>\n<\/div>\n\n\n\n<p><\/p>\n\n\n\n<div class=\"wp-block-buttons is-layout-flex wp-block-buttons-is-layout-flex\">\n<div class=\"wp-block-button\"><a class=\"wp-block-button__link wp-element-button\" href=\"https:\/\/www.projektwrzesnia.pl\/wordpress\/wp-content\/uploads\/2024\/04\/REJESTR-WPLAT.pdf\" target=\"_blank\" rel=\"noreferrer noopener\">rejestr wp\u0142at<\/a><\/div>\n\n\n\n<div class=\"wp-block-button\"><a class=\"wp-block-button__link wp-element-button\" href=\"https:\/\/www.projektwrzesnia.pl\/wordpress\/rejestr-kredytow\/\">rejestr Kredyt\u00f3w<\/a><\/div>\n<\/div>\n\n\n\n<p>KOMITET WYBORCZY PROJEKT WRZE\u015aNIA <\/p>\n\n\n\n<p>Numer rachunku bankowego: 68 1600 1462 1735 3871 6000 0001 <\/p>\n\n\n\n<p>Bank: BNP Paribas Bank Polska<\/p>\n","protected":false},"excerpt":{"rendered":"<p>Witamy na stronie Komitetu Wyborczego Projekt Wrze\u015bnia DAMIAN STANISZEWSKI &#8211; KANDYDAT NA BURMISTRZA WRZE\u015aNI Jestem kandydatem na burmistrza Wrze\u015bni, z pe\u0142nym zaanga\u017cowaniem w rozw\u00f3j miasta i gminy, kt\u00f3re traktuj\u0119 jako swoj\u0105 \u017cyciow\u0105 pasj\u0119. Mam 34 lata. Jestem absolwentem Liceum im. Henryka Sienkiewicza. Uko\u0144czy\u0142em histori\u0119 na Uniwersytecie im. Adama Mickiewicza w Poznaniu oraz Uniwersytecie Diderota w [&hellip;]<\/p>\n","protected":false},"author":4,"featured_media":0,"parent":0,"menu_order":0,"comment_status":"closed","ping_status":"closed","template":"","meta":{"_acf_changed":false,"footnotes":""},"class_list":["post-10101996","page","type-page","status-publish","hentry"],"acf":[],"_links":{"self":[{"href":"https:\/\/www.projektwrzesnia.pl\/wordpress\/wp-json\/wp\/v2\/pages\/10101996","targetHints":{"allow":["GET"]}}],"collection":[{"href":"https:\/\/www.projektwrzesnia.pl\/wordpress\/wp-json\/wp\/v2\/pages"}],"about":[{"href":"https:\/\/www.projektwrzesnia.pl\/wordpress\/wp-json\/wp\/v2\/types\/page"}],"author":[{"embeddable":true,"href":"https:\/\/www.projektwrzesnia.pl\/wordpress\/wp-json\/wp\/v2\/users\/4"}],"replies":[{"embeddable":true,"href":"https:\/\/www.projektwrzesnia.pl\/wordpress\/wp-json\/wp\/v2\/comments?post=10101996"}],"version-history":[{"count":72,"href":"https:\/\/www.projektwrzesnia.pl\/wordpress\/wp-json\/wp\/v2\/pages\/10101996\/revisions"}],"predecessor-version":[{"id":10103044,"href":"https:\/\/www.projektwrzesnia.pl\/wordpress\/wp-json\/wp\/v2\/pages\/10101996\/revisions\/10103044"}],"wp:attachment":[{"href":"https:\/\/www.projektwrzesnia.pl\/wordpress\/wp-json\/wp\/v2\/media?parent=10101996"}],"curies":[{"name":"wp","href":"https:\/\/api.w.org\/{rel}","templated":true}]}}