{"id":10102282,"date":"2024-02-15T17:54:09","date_gmt":"2024-02-15T16:54:09","guid":{"rendered":"https:\/\/www.projektwrzesnia.pl\/wordpress\/?page_id=10102282"},"modified":"2024-02-20T11:02:46","modified_gmt":"2024-02-20T10:02:46","slug":"kandydaci","status":"publish","type":"page","link":"https:\/\/www.projektwrzesnia.pl\/wordpress\/wybory\/gmina\/kandydaci\/","title":{"rendered":"Kandydaci"},"content":{"rendered":"\n<p>Przedstawiamy Kandydat\u00f3w do Rady Miejskiej we Wrze\u015bni<\/p>\n\n\n\n<div class=\"wp-block-columns is-layout-flex wp-container-core-columns-is-layout-9d6595d7 wp-block-columns-is-layout-flex\">\n<div class=\"wp-block-column is-layout-flow wp-block-column-is-layout-flow\">\n<p class=\"has-medium-font-size\" style=\"font-style:normal;font-weight:700\">Okr\u0119g nr 1<\/p>\n\n\n\n<p class=\"has-small-font-size\">(os. Soko\u0142owskie, os. Lip\u00f3wka, Stare Miasto)<\/p>\n\n\n\n<ol class=\"wp-block-list\">\n<li><a href=\"https:\/\/www.projektwrzesnia.pl\/wordpress\/wybory\/gmina\/kandydaci\/kornel-tomczak\/\" data-type=\"page\" data-id=\"10102354\">TOMCZAK Kornel<\/a><\/li>\n\n\n\n<li><a href=\"https:\/\/www.projektwrzesnia.pl\/wordpress\/wybory\/gmina\/kandydaci\/wojciech-rakowski\/\" data-type=\"page\" data-id=\"10102475\">RAKOWSKI Wojciech<\/a><\/li>\n\n\n\n<li><a href=\"https:\/\/www.projektwrzesnia.pl\/wordpress\/wybory\/gmina\/kandydaci\/lucyna-bzowa\/\" data-type=\"page\" data-id=\"10102478\">BZOWA Lucyna<\/a><\/li>\n\n\n\n<li><a href=\"https:\/\/www.projektwrzesnia.pl\/wordpress\/wybory\/gmina\/kandydaci\/marcelina-nogala\/\" data-type=\"page\" data-id=\"10102481\">NOGALA Marcelina<\/a><\/li>\n\n\n\n<li><a href=\"https:\/\/www.projektwrzesnia.pl\/wordpress\/wybory\/gmina\/kandydaci\/adrian-kaczmarek\/\" data-type=\"page\" data-id=\"10102351\">KACZMAREK Adrian<\/a><\/li>\n\n\n\n<li><a href=\"https:\/\/www.projektwrzesnia.pl\/wordpress\/wybory\/gmina\/kandydaci\/ilona-ksiazkiewicz\/\" data-type=\"page\" data-id=\"10102483\">KSI\u0104\u017bKIEWICZ Ilona<\/a><\/li>\n\n\n\n<li><a href=\"https:\/\/www.projektwrzesnia.pl\/wordpress\/wybory\/gmina\/kandydaci\/piotr-urbanowicz\/\" data-type=\"page\" data-id=\"10102486\">URBANOWICZ Piotr<\/a><\/li>\n\n\n\n<li><a href=\"https:\/\/www.projektwrzesnia.pl\/wordpress\/wybory\/gmina\/kandydaci\/konstancja-jakubik\/\" data-type=\"page\" data-id=\"10102489\">JAKUBIK Konstancja<\/a><\/li>\n\n\n\n<li><a href=\"https:\/\/www.projektwrzesnia.pl\/wordpress\/wybory\/gmina\/kandydaci\/lukasz-piniarski\/\" data-type=\"page\" data-id=\"10102492\">PINIARSKI \u0141ukasz<\/a><\/li>\n<\/ol>\n<\/div>\n\n\n\n<div class=\"wp-block-column is-layout-flow wp-block-column-is-layout-flow\">\n<p class=\"has-medium-font-size\" style=\"font-style:normal;font-weight:700\">Okr\u0119g nr 2<\/p>\n\n\n\n<p class=\"has-small-font-size\">(os. S\u0142awno, os. Tysi\u0105clecia, os. Ko\u015bciuszki)<\/p>\n\n\n\n<ol class=\"wp-block-list\">\n<li><a href=\"https:\/\/www.projektwrzesnia.pl\/wordpress\/wybory\/gmina\/kandydaci\/damian-staniszewska\/\" data-type=\"page\" data-id=\"10102540\">STANISZEWSKI Damian<\/a><\/li>\n\n\n\n<li><a href=\"https:\/\/www.projektwrzesnia.pl\/wordpress\/zbigniew-bienko\/\" data-type=\"page\" data-id=\"10102497\">BIE\u0143KO Zbigniew<\/a><\/li>\n\n\n\n<li><a href=\"https:\/\/www.projektwrzesnia.pl\/wordpress\/wybory\/gmina\/kandydaci\/joanna-zaborowska-2\/\" data-type=\"page\" data-id=\"10102500\">ZABOROWSKA Joanna<\/a><\/li>\n\n\n\n<li><a href=\"https:\/\/www.projektwrzesnia.pl\/wordpress\/wybory\/gmina\/kandydaci\/waldemar-sliwczynski-2\/\" data-type=\"page\" data-id=\"10102503\">\u015aLIWCZY\u0143SKI Waldemar<\/a><\/li>\n\n\n\n<li><a href=\"https:\/\/www.projektwrzesnia.pl\/wordpress\/wybory\/gmina\/kandydaci\/robert-czwajda\/\" data-type=\"page\" data-id=\"10102506\">CZWAJDA Robert<\/a><\/li>\n\n\n\n<li><a href=\"https:\/\/www.projektwrzesnia.pl\/wordpress\/wybory\/gmina\/kandydaci\/miroslawa-desecka\/\" data-type=\"page\" data-id=\"10102509\">DESECKA Miros\u0142awa<\/a><\/li>\n\n\n\n<li><a href=\"https:\/\/www.projektwrzesnia.pl\/wordpress\/wybory\/gmina\/kandydaci\/jakub-banaszak\/\" data-type=\"page\" data-id=\"10102512\">BANASZAK Jakub<\/a><\/li>\n\n\n\n<li><a href=\"https:\/\/www.projektwrzesnia.pl\/wordpress\/wybory\/gmina\/kandydaci\/anna-golebiowska-kmieciak\/\" data-type=\"page\" data-id=\"10102516\">GO\u0141\u0118BIOWSKA-KMIECIAK Anna<\/a><\/li>\n<\/ol>\n<\/div>\n\n\n\n<div class=\"wp-block-column is-layout-flow wp-block-column-is-layout-flow\">\n<p class=\"has-medium-font-size\" style=\"font-style:normal;font-weight:700\">Okr\u0119g nr 3<\/p>\n\n\n\n<p class=\"has-small-font-size\">(wsie gminy Wrze\u015bnia)<\/p>\n\n\n\n<ol class=\"wp-block-list\">\n<li><a href=\"https:\/\/www.projektwrzesnia.pl\/wordpress\/wybory\/gmina\/kandydaci\/maciej-slowinski\/\" data-type=\"page\" data-id=\"10102315\">S\u0141OWI\u0143SKI Maciej<\/a><\/li>\n\n\n\n<li><a href=\"https:\/\/www.projektwrzesnia.pl\/wordpress\/wybory\/gmina\/kandydaci\/justyna-manterys\/\" data-type=\"page\" data-id=\"10101999\">MANTERYS Justyna<\/a><\/li>\n\n\n\n<li><a href=\"https:\/\/www.projektwrzesnia.pl\/wordpress\/wybory\/gmina\/kandydaci\/marlena-piszczatowska\/\" data-type=\"page\" data-id=\"10102330\">PISZCZATOWSKA Marlena<\/a><\/li>\n\n\n\n<li><a href=\"https:\/\/www.projektwrzesnia.pl\/wordpress\/wybory\/gmina\/kandydaci\/sebastian-gradziel\/\" data-type=\"page\" data-id=\"10102286\">GR\u0104DZIEL Sebastian<\/a><\/li>\n\n\n\n<li><a href=\"https:\/\/www.projektwrzesnia.pl\/wordpress\/wybory\/gmina\/kandydaci\/justyna-banas\/\" data-type=\"page\" data-id=\"10102522\">BANA\u015a Justyna<\/a><\/li>\n\n\n\n<li><a href=\"https:\/\/www.projektwrzesnia.pl\/wordpress\/wybory\/gmina\/kandydaci\/marlena-kazmierczak\/\" data-type=\"page\" data-id=\"10102525\">KA\u0179MIERCZAK Marlena<\/a><\/li>\n\n\n\n<li><a href=\"https:\/\/www.projektwrzesnia.pl\/wordpress\/wybory\/gmina\/kandydaci\/michal-gaca\/\" data-type=\"page\" data-id=\"10102527\">GACA Micha\u0142<\/a><\/li>\n\n\n\n<li><a href=\"https:\/\/www.projektwrzesnia.pl\/wordpress\/wybory\/gmina\/kandydaci\/monika-graczyk\/\" data-type=\"page\" data-id=\"10102530\">GRACZYK Monika<\/a><\/li>\n\n\n\n<li><a href=\"https:\/\/www.projektwrzesnia.pl\/wordpress\/wybory\/gmina\/kandydaci\/mariola-dziecielewska\/\" data-type=\"page\" data-id=\"10102533\">DZI\u0118CIELEWSKA Mariola<\/a><\/li>\n\n\n\n<li><a href=\"https:\/\/www.projektwrzesnia.pl\/wordpress\/wybory\/gmina\/kandydaci\/pawel-wrzesinski\/\" data-type=\"page\" data-id=\"10102536\">WRZESI\u0143SKI Pawe\u0142<\/a><\/li>\n<\/ol>\n<\/div>\n<\/div>\n","protected":false},"excerpt":{"rendered":"<p>Przedstawiamy Kandydat\u00f3w do Rady Miejskiej we Wrze\u015bni Okr\u0119g nr 1 (os. Soko\u0142owskie, os. Lip\u00f3wka, Stare Miasto) Okr\u0119g nr 2 (os. S\u0142awno, os. Tysi\u0105clecia, os. Ko\u015bciuszki) Okr\u0119g nr 3 (wsie gminy Wrze\u015bnia)<\/p>\n","protected":false},"author":4,"featured_media":0,"parent":10102033,"menu_order":0,"comment_status":"closed","ping_status":"closed","template":"","meta":{"_acf_changed":false,"footnotes":""},"class_list":["post-10102282","page","type-page","status-publish","hentry"],"acf":[],"_links":{"self":[{"href":"https:\/\/www.projektwrzesnia.pl\/wordpress\/wp-json\/wp\/v2\/pages\/10102282","targetHints":{"allow":["GET"]}}],"collection":[{"href":"https:\/\/www.projektwrzesnia.pl\/wordpress\/wp-json\/wp\/v2\/pages"}],"about":[{"href":"https:\/\/www.projektwrzesnia.pl\/wordpress\/wp-json\/wp\/v2\/types\/page"}],"author":[{"embeddable":true,"href":"https:\/\/www.projektwrzesnia.pl\/wordpress\/wp-json\/wp\/v2\/users\/4"}],"replies":[{"embeddable":true,"href":"https:\/\/www.projektwrzesnia.pl\/wordpress\/wp-json\/wp\/v2\/comments?post=10102282"}],"version-history":[{"count":12,"href":"https:\/\/www.projektwrzesnia.pl\/wordpress\/wp-json\/wp\/v2\/pages\/10102282\/revisions"}],"predecessor-version":[{"id":10102544,"href":"https:\/\/www.projektwrzesnia.pl\/wordpress\/wp-json\/wp\/v2\/pages\/10102282\/revisions\/10102544"}],"up":[{"embeddable":true,"href":"https:\/\/www.projektwrzesnia.pl\/wordpress\/wp-json\/wp\/v2\/pages\/10102033"}],"wp:attachment":[{"href":"https:\/\/www.projektwrzesnia.pl\/wordpress\/wp-json\/wp\/v2\/media?parent=10102282"}],"curies":[{"name":"wp","href":"https:\/\/api.w.org\/{rel}","templated":true}]}}