{"id":10102298,"date":"2024-02-15T18:06:18","date_gmt":"2024-02-15T17:06:18","guid":{"rendered":"https:\/\/www.projektwrzesnia.pl\/wordpress\/?page_id=10102298"},"modified":"2024-02-17T18:49:19","modified_gmt":"2024-02-17T17:49:19","slug":"kandydaci","status":"publish","type":"page","link":"https:\/\/www.projektwrzesnia.pl\/wordpress\/wybory\/powiat\/kandydaci\/","title":{"rendered":"Kandydaci"},"content":{"rendered":"\n<p>Przedstawiamy Kandydat\u00f3w do Rady Powiatu wrzesi\u0144skiego<\/p>\n\n\n\n<div class=\"wp-block-columns is-layout-flex wp-container-core-columns-is-layout-9d6595d7 wp-block-columns-is-layout-flex\">\n<div class=\"wp-block-column is-layout-flow wp-block-column-is-layout-flow\">\n<p class=\"has-medium-font-size\" style=\"font-style:normal;font-weight:700\">Okr\u0119g nr 1<\/p>\n\n\n\n<p class=\"has-small-font-size\" style=\"font-style:normal;font-weight:600\">(gmina Ko\u0142aczkowo, gmina Pyzdry)<\/p>\n\n\n\n<ol class=\"wp-block-list\">\n<li>LUDWICZAK \u0141ukasz<\/li>\n<\/ol>\n<\/div>\n\n\n\n<div class=\"wp-block-column is-layout-flow wp-block-column-is-layout-flow\">\n<p class=\"has-medium-font-size\" style=\"font-style:normal;font-weight:700\">Okr\u0119g nr 2<\/p>\n\n\n\n<p class=\"has-small-font-size\" style=\"font-style:normal;font-weight:600\">(gmina Mi\u0142os\u0142aw)<\/p>\n\n\n\n<ol class=\"wp-block-list\">\n<li>REWERS Szymon<\/li>\n<\/ol>\n<\/div>\n\n\n\n<div class=\"wp-block-column is-layout-flow wp-block-column-is-layout-flow\">\n<p class=\"has-medium-font-size\" style=\"font-style:normal;font-weight:700\">Okr\u0119g nr 3<\/p>\n\n\n\n<p class=\"has-small-font-size\" style=\"font-style:normal;font-weight:500\">(wsie gminy Wrze\u015bnia, gmina Nekla)<\/p>\n\n\n\n<ol class=\"wp-block-list\">\n<li><a href=\"https:\/\/www.projektwrzesnia.pl\/wordpress\/wybory\/powiat\/kandydaci\/arkadiusz-sobczak\/\" data-type=\"page\" data-id=\"10102451\">SOBCZAK Arkadiusz<\/a><\/li>\n\n\n\n<li><a href=\"https:\/\/www.projektwrzesnia.pl\/wordpress\/wybory\/powiat\/kandydaci\/mariola-zalepa\/\" data-type=\"page\" data-id=\"10102453\">ZALEPA Mariola<\/a><\/li>\n\n\n\n<li><a href=\"https:\/\/www.projektwrzesnia.pl\/wordpress\/wybory\/powiat\/kandydaci\/hanna-mamzer\/\" data-type=\"page\" data-id=\"10102456\">MAMZER Hanna<\/a><\/li>\n\n\n\n<li><a href=\"https:\/\/www.projektwrzesnia.pl\/wordpress\/wybory\/powiat\/kandydaci\/andrzej-kulma\/\" data-type=\"page\" data-id=\"10102458\">KULMA Andrzej<\/a><\/li>\n\n\n\n<li><a href=\"https:\/\/www.projektwrzesnia.pl\/wordpress\/wybory\/powiat\/kandydaci\/weronika-andrzejewska\/\" data-type=\"page\" data-id=\"10102461\">ANDRZEJEWSKA Weronika<\/a><\/li>\n\n\n\n<li><a href=\"https:\/\/www.projektwrzesnia.pl\/wordpress\/wybory\/powiat\/kandydaci\/laura-zielniewicz\/\" data-type=\"page\" data-id=\"10102464\">ZIELNIEWICZ Laura<\/a><\/li>\n\n\n\n<li><a href=\"https:\/\/www.projektwrzesnia.pl\/wordpress\/wybory\/powiat\/kandydaci\/henryk-wszelaki\/\" data-type=\"page\" data-id=\"10102467\">WSZELAKI Henryk<\/a><\/li>\n\n\n\n<li><a href=\"https:\/\/www.projektwrzesnia.pl\/wordpress\/wybory\/powiat\/kandydaci\/przemyslaw-nawrocki\/\" data-type=\"page\" data-id=\"10102470\">NAWROCKI Przemys\u0142aw<\/a><\/li>\n<\/ol>\n<\/div>\n\n\n\n<div class=\"wp-block-column is-layout-flow wp-block-column-is-layout-flow\">\n<p class=\"has-medium-font-size\" style=\"font-style:normal;font-weight:700\">Okr\u0119g nr 4<\/p>\n\n\n\n<p class=\"has-small-font-size\" style=\"font-style:normal;font-weight:600\">(Wrze\u015bnia &#8211; okr\u0119g miejski)<\/p>\n\n\n\n<ol class=\"wp-block-list\">\n<li><a href=\"https:\/\/www.projektwrzesnia.pl\/wordpress\/wybory\/powiat\/kandydaci\/walentyna-tomczak\/\" data-type=\"page\" data-id=\"10102300\">TOMCZAK Walentyna<\/a><\/li>\n\n\n\n<li><a href=\"https:\/\/www.projektwrzesnia.pl\/wordpress\/wybory\/powiat\/kandydaci\/przemyslaw-borecki\/\" data-type=\"page\" data-id=\"10102348\">BORECKI Przemys\u0142aw<\/a><\/li>\n\n\n\n<li><a href=\"https:\/\/www.projektwrzesnia.pl\/wordpress\/wybory\/powiat\/kandydaci\/maria-kosinska\/\" data-type=\"page\" data-id=\"10102432\">KOSI\u0143SKA Maria<\/a><\/li>\n\n\n\n<li><a href=\"https:\/\/www.projektwrzesnia.pl\/wordpress\/wybory\/powiat\/kandydaci\/bartosz-szlachetka\/\" data-type=\"page\" data-id=\"10102433\">SZLACHETKA Bartosz<\/a><\/li>\n\n\n\n<li><a href=\"https:\/\/www.projektwrzesnia.pl\/wordpress\/wybory\/powiat\/kandydaci\/karolina-wrzesien\/\" data-type=\"page\" data-id=\"10102360\">WRZESIE\u0143 Karolina<\/a><\/li>\n\n\n\n<li><a href=\"https:\/\/www.projektwrzesnia.pl\/wordpress\/wybory\/powiat\/kandydaci\/michal-banas\/\" data-type=\"page\" data-id=\"10102434\">BANA\u015a Micha\u0142<\/a><\/li>\n\n\n\n<li><a href=\"https:\/\/www.projektwrzesnia.pl\/wordpress\/wybory\/powiat\/kandydaci\/magdalena-antosik\/\" data-type=\"page\" data-id=\"10102440\">ANTOSIK Magdalena<\/a><\/li>\n\n\n\n<li><a href=\"https:\/\/www.projektwrzesnia.pl\/wordpress\/wybory\/powiat\/kandydaci\/michal-gawronski\/\" data-type=\"page\" data-id=\"10102442\">GAWRO\u0143SKI Micha\u0142<\/a><\/li>\n\n\n\n<li><a href=\"https:\/\/www.projektwrzesnia.pl\/wordpress\/wybory\/powiat\/kandydaci\/juliusz-kruszynski\/\" data-type=\"page\" data-id=\"10102446\">KRUSZY\u0143SKI Juliusz<\/a><\/li>\n<\/ol>\n<\/div>\n<\/div>\n","protected":false},"excerpt":{"rendered":"<p>Przedstawiamy Kandydat\u00f3w do Rady Powiatu wrzesi\u0144skiego Okr\u0119g nr 1 (gmina Ko\u0142aczkowo, gmina Pyzdry) Okr\u0119g nr 2 (gmina Mi\u0142os\u0142aw) Okr\u0119g nr 3 (wsie gminy Wrze\u015bnia, gmina Nekla) Okr\u0119g nr 4 (Wrze\u015bnia &#8211; okr\u0119g miejski)<\/p>\n","protected":false},"author":4,"featured_media":0,"parent":10102035,"menu_order":0,"comment_status":"closed","ping_status":"closed","template":"","meta":{"_acf_changed":false,"footnotes":""},"class_list":["post-10102298","page","type-page","status-publish","hentry"],"acf":[],"_links":{"self":[{"href":"https:\/\/www.projektwrzesnia.pl\/wordpress\/wp-json\/wp\/v2\/pages\/10102298","targetHints":{"allow":["GET"]}}],"collection":[{"href":"https:\/\/www.projektwrzesnia.pl\/wordpress\/wp-json\/wp\/v2\/pages"}],"about":[{"href":"https:\/\/www.projektwrzesnia.pl\/wordpress\/wp-json\/wp\/v2\/types\/page"}],"author":[{"embeddable":true,"href":"https:\/\/www.projektwrzesnia.pl\/wordpress\/wp-json\/wp\/v2\/users\/4"}],"replies":[{"embeddable":true,"href":"https:\/\/www.projektwrzesnia.pl\/wordpress\/wp-json\/wp\/v2\/comments?post=10102298"}],"version-history":[{"count":9,"href":"https:\/\/www.projektwrzesnia.pl\/wordpress\/wp-json\/wp\/v2\/pages\/10102298\/revisions"}],"predecessor-version":[{"id":10102474,"href":"https:\/\/www.projektwrzesnia.pl\/wordpress\/wp-json\/wp\/v2\/pages\/10102298\/revisions\/10102474"}],"up":[{"embeddable":true,"href":"https:\/\/www.projektwrzesnia.pl\/wordpress\/wp-json\/wp\/v2\/pages\/10102035"}],"wp:attachment":[{"href":"https:\/\/www.projektwrzesnia.pl\/wordpress\/wp-json\/wp\/v2\/media?parent=10102298"}],"curies":[{"name":"wp","href":"https:\/\/api.w.org\/{rel}","templated":true}]}}