{"id":10102497,"date":"2024-02-17T19:02:04","date_gmt":"2024-02-17T18:02:04","guid":{"rendered":"https:\/\/www.projektwrzesnia.pl\/wordpress\/?page_id=10102497"},"modified":"2024-02-23T11:47:28","modified_gmt":"2024-02-23T10:47:28","slug":"zbigniew-bienko","status":"publish","type":"page","link":"https:\/\/www.projektwrzesnia.pl\/wordpress\/wybory\/gmina\/kandydaci\/zbigniew-bienko\/","title":{"rendered":"Zbigniew Bie\u0144ko"},"content":{"rendered":"\n<p style=\"font-size:30px;font-style:normal;font-weight:500\">Okr\u0119g Wyborczy nr 2 (os. S\u0142awno, os. Tysi\u0105clecia, os. Ko\u015bciuszki)<\/p>\n\n\n\n<div class=\"wp-block-columns is-layout-flex wp-container-core-columns-is-layout-9d6595d7 wp-block-columns-is-layout-flex\">\n<div class=\"wp-block-column is-layout-flow wp-block-column-is-layout-flow\" style=\"flex-basis:33.33%\">\n<figure class=\"wp-block-image size-large\"><img loading=\"lazy\" decoding=\"async\" width=\"683\" height=\"1024\" src=\"https:\/\/www.projektwrzesnia.pl\/wordpress\/wp-content\/uploads\/2024\/02\/Zbigniew-Bien\u0301ko-683x1024.jpg\" alt=\"\" class=\"wp-image-10102498\" srcset=\"https:\/\/www.projektwrzesnia.pl\/wordpress\/wp-content\/uploads\/2024\/02\/Zbigniew-Bien\u0301ko-683x1024.jpg 683w, https:\/\/www.projektwrzesnia.pl\/wordpress\/wp-content\/uploads\/2024\/02\/Zbigniew-Bien\u0301ko-200x300.jpg 200w, https:\/\/www.projektwrzesnia.pl\/wordpress\/wp-content\/uploads\/2024\/02\/Zbigniew-Bien\u0301ko-768x1152.jpg 768w, https:\/\/www.projektwrzesnia.pl\/wordpress\/wp-content\/uploads\/2024\/02\/Zbigniew-Bien\u0301ko-1024x1536.jpg 1024w, https:\/\/www.projektwrzesnia.pl\/wordpress\/wp-content\/uploads\/2024\/02\/Zbigniew-Bien\u0301ko-1365x2048.jpg 1365w, https:\/\/www.projektwrzesnia.pl\/wordpress\/wp-content\/uploads\/2024\/02\/Zbigniew-Bien\u0301ko.jpg 1600w\" sizes=\"auto, (max-width: 683px) 100vw, 683px\" \/><\/figure>\n<\/div>\n\n\n\n<div class=\"wp-block-column is-layout-flow wp-block-column-is-layout-flow\" style=\"flex-basis:66.66%\">\n<p>Zbigniew Bie\u0144ko lat 67 \u017conaty, od 40 lat mieszkaniec Osiedla Tysi\u0105clecia we Wrze\u015bni, dw\u00f3ch syn\u00f3w i troje wnucz\u0105t. Przygotowanie zawodowe do pracy w Radzie Miejskiej odpowiednie. Wykszta\u0142cenie wy\u017csze ekonomiczne &#8211; gospodarowanie nieruchomo\u015bciami &#8211; absolwent WSB\u00a0 w\u00a0 Poznaniu.\u00a0<\/p>\n\n\n\n<p>Do tego praktyka: kadencja w Radzie Miasta Wrze\u015bnia, kadencja w Radzie Nadzorczej Wrzesi\u0144skiej Sp\u00f3\u0142dzielni Mieszkaniowej i&nbsp; kadencja jako \u0141awnik w S\u0105dzie Rejonowym we Wrze\u015bni.<\/p>\n\n\n\n<p>Prywatnie pasjonat wycieczek rowerowych i aktywnego wypoczynku nad jeziorem powidzkim.<\/p>\n\n\n\n<p>Jako radny Rady Miejskiej nie unika\u0142em poruszania trudnych temat\u00f3w. Przygotowa\u0142em 5 uchwa\u0142, kt\u00f3re Rada Miasta odrzuci\u0142a ale p\u00f3\u017aniej prawie <strong>wszystkie uchwa\u0142y zosta\u0142y przyj\u0119te<\/strong> w bardzo zbli\u017cony brzmieniu kiedy przedstawia\u0142 je Radzie Miasta burmistrz. Przygotowana przeze mnie uchwa\u0142a powo\u0142ania niezale\u017cnej komisji w sprawie doprowadzenia kanalizacji do dzia\u0142ek Burmistrza i Przewodnicz\u0105cego Komisji Rewizyjnej Rady Miasta niestety nie doczeka\u0142a si\u0119 przyj\u0119cia.<\/p>\n\n\n\n<p>Dzi\u0119ki zdobytej praktyce <strong>dobrze znam problemy mieszka\u0144c\u00f3w<\/strong> budynk\u00f3w wielorodzinnych. W trwaj\u0105cej obecnie kadencji Rady Miasta, Osiedle Tysi\u0105clecia <strong>nie ma swojego przedstawiciela<\/strong> pomimo, \u017ce jest najludniejszym osiedlem miasta. <\/p>\n\n\n\n<p>Brak reprezentant\u00f3w tak du\u017cej grupy mieszka\u0144c\u00f3w doprowadza\u0142o ju\u017c do\u00a0z\u0142ych decyzji Rady Miejskiej. Przyk\u0142adowo na wniosek burmistrza Rada podj\u0119\u0142a decyzj\u0119 o sprzeda\u017cy kot\u0142owni, kt\u00f3ra by\u0142a w\u0142asno\u015bci\u0105 gminy Wrze\u015bnia, francuskim inwestorom. W tym roku mieszka\u0144cy dotkliwie odczuli skutki tamtej decyzji, otrzymuj\u0105c bardzo wysokie rachunki za zu\u017cyte ciep\u0142o. Od lipca bie\u017c\u0105cego roku ceny ciep\u0142a maj\u0105 zosta\u0107 ca\u0142kowicie uwolnione, a wi\u0119c mo\u017ce by\u0107 jeszcze gorzej. Prywatyzacja kot\u0142owni z zachowaniem kontrolnego pakietu 51% akcji, przynios\u0142aby w d\u0142u\u017cszym okresie wi\u0119ksze zyski i nie pozbawi\u0142a gminy wp\u0142ywu na ustalane ceny ciep\u0142a. <\/p>\n\n\n\n<p>B\u0119d\u0105c w Radzie Miasta <strong>pilnowa\u0142bym, \u017ceby takie niekorzystne dla mieszka\u0144c\u00f3w decyzje nie by\u0142y podejmowane<\/strong>. Pracowa\u0142bym r\u00f3wnie\u017c nad tym, \u017ceby dzi\u0119ki inwestycjom gminy z\u0142agodzi\u0107 skutki ju\u017c podj\u0119tych decyzji i przedstawi\u0107 wszystkim mieszka\u0144com gminy mo\u017cliwo\u015b\u0107 skorzystania z alternatywnych \u017ar\u00f3de\u0142 dostawy ciep\u0142a do mieszka\u0144. <\/p>\n\n\n\n<p>Startuj\u0105c z listy Projektu Wrze\u015bnia, w kt\u00f3rym stowarzyszeniu przewa\u017caj\u0105 ludzie m\u0142odzi, moje do\u015bwiadczenie przyda si\u0119 r\u00f3wnie\u017c w rozwi\u0105zywaniu bie\u017c\u0105cych problem\u00f3w mieszka\u0144c\u00f3w naszej gminy.<\/p>\n<\/div>\n<\/div>\n\n\n\n<div class=\"wp-block-buttons is-layout-flex wp-block-buttons-is-layout-flex\">\n<div class=\"wp-block-button\"><a class=\"wp-block-button__link wp-element-button\" href=\"https:\/\/www.projektwrzesnia.pl\/wordpress\/wybory\/gmina\/\">Powr\u00f3t<\/a><\/div>\n<\/div>\n","protected":false},"excerpt":{"rendered":"<p>Okr\u0119g Wyborczy nr 2 (os. S\u0142awno, os. Tysi\u0105clecia, os. Ko\u015bciuszki) Zbigniew Bie\u0144ko lat 67 \u017conaty, od 40 lat mieszkaniec Osiedla Tysi\u0105clecia we Wrze\u015bni, dw\u00f3ch syn\u00f3w i troje wnucz\u0105t. Przygotowanie zawodowe do pracy w Radzie Miejskiej odpowiednie. Wykszta\u0142cenie wy\u017csze ekonomiczne &#8211; gospodarowanie nieruchomo\u015bciami &#8211; absolwent WSB\u00a0 w\u00a0 Poznaniu.\u00a0 Do tego praktyka: kadencja w Radzie Miasta Wrze\u015bnia, [&hellip;]<\/p>\n","protected":false},"author":4,"featured_media":0,"parent":10102282,"menu_order":0,"comment_status":"closed","ping_status":"closed","template":"","meta":{"_acf_changed":false,"footnotes":""},"class_list":["post-10102497","page","type-page","status-publish","hentry"],"acf":[],"_links":{"self":[{"href":"https:\/\/www.projektwrzesnia.pl\/wordpress\/wp-json\/wp\/v2\/pages\/10102497","targetHints":{"allow":["GET"]}}],"collection":[{"href":"https:\/\/www.projektwrzesnia.pl\/wordpress\/wp-json\/wp\/v2\/pages"}],"about":[{"href":"https:\/\/www.projektwrzesnia.pl\/wordpress\/wp-json\/wp\/v2\/types\/page"}],"author":[{"embeddable":true,"href":"https:\/\/www.projektwrzesnia.pl\/wordpress\/wp-json\/wp\/v2\/users\/4"}],"replies":[{"embeddable":true,"href":"https:\/\/www.projektwrzesnia.pl\/wordpress\/wp-json\/wp\/v2\/comments?post=10102497"}],"version-history":[{"count":5,"href":"https:\/\/www.projektwrzesnia.pl\/wordpress\/wp-json\/wp\/v2\/pages\/10102497\/revisions"}],"predecessor-version":[{"id":10102727,"href":"https:\/\/www.projektwrzesnia.pl\/wordpress\/wp-json\/wp\/v2\/pages\/10102497\/revisions\/10102727"}],"up":[{"embeddable":true,"href":"https:\/\/www.projektwrzesnia.pl\/wordpress\/wp-json\/wp\/v2\/pages\/10102282"}],"wp:attachment":[{"href":"https:\/\/www.projektwrzesnia.pl\/wordpress\/wp-json\/wp\/v2\/media?parent=10102497"}],"curies":[{"name":"wp","href":"https:\/\/api.w.org\/{rel}","templated":true}]}}