{"id":10102506,"date":"2024-02-17T19:04:42","date_gmt":"2024-02-17T18:04:42","guid":{"rendered":"https:\/\/www.projektwrzesnia.pl\/wordpress\/?page_id=10102506"},"modified":"2024-02-29T09:38:47","modified_gmt":"2024-02-29T08:38:47","slug":"robert-czwajda","status":"publish","type":"page","link":"https:\/\/www.projektwrzesnia.pl\/wordpress\/wybory\/gmina\/kandydaci\/robert-czwajda\/","title":{"rendered":"Robert Czwajda"},"content":{"rendered":"\n<p style=\"font-size:30px;font-style:normal;font-weight:500\">Okr\u0119g Wyborczy nr 2 (os. S\u0142awno, os. Tysi\u0105clecia, os. Ko\u015bciuszki)<\/p>\n\n\n\n<div class=\"wp-block-columns is-layout-flex wp-container-core-columns-is-layout-9d6595d7 wp-block-columns-is-layout-flex\">\n<div class=\"wp-block-column is-layout-flow wp-block-column-is-layout-flow\" style=\"flex-basis:33.33%\">\n<figure class=\"wp-block-image size-large\"><img loading=\"lazy\" decoding=\"async\" width=\"682\" height=\"1024\" src=\"https:\/\/www.projektwrzesnia.pl\/wordpress\/wp-content\/uploads\/2024\/02\/Robert-Czwajda-682x1024.jpg\" alt=\"\" class=\"wp-image-10102507\" style=\"aspect-ratio:2\/3;object-fit:cover\" srcset=\"https:\/\/www.projektwrzesnia.pl\/wordpress\/wp-content\/uploads\/2024\/02\/Robert-Czwajda-682x1024.jpg 682w, https:\/\/www.projektwrzesnia.pl\/wordpress\/wp-content\/uploads\/2024\/02\/Robert-Czwajda-200x300.jpg 200w, https:\/\/www.projektwrzesnia.pl\/wordpress\/wp-content\/uploads\/2024\/02\/Robert-Czwajda-768x1152.jpg 768w, https:\/\/www.projektwrzesnia.pl\/wordpress\/wp-content\/uploads\/2024\/02\/Robert-Czwajda-1024x1536.jpg 1024w, https:\/\/www.projektwrzesnia.pl\/wordpress\/wp-content\/uploads\/2024\/02\/Robert-Czwajda-1365x2048.jpg 1365w, https:\/\/www.projektwrzesnia.pl\/wordpress\/wp-content\/uploads\/2024\/02\/Robert-Czwajda.jpg 1600w\" sizes=\"auto, (max-width: 682px) 100vw, 682px\" \/><\/figure>\n<\/div>\n\n\n\n<div class=\"wp-block-column is-layout-flow wp-block-column-is-layout-flow\" style=\"flex-basis:66.66%\">\n<p>Mam 44 lata, od 3 pokole\u0144 moja rodzina jest zwi\u0105zana z Wrze\u015bni\u0105. Co dzie\u0144 mo\u017cecie mnie spotka\u0107 na ulicach Wrze\u015bni na rowerze, lub na spacerze z rodzin\u0105 i naszym pieskiem. Widz\u0119 Wrze\u015bni\u0119 z Twojej perspektywy, znam problemy dzieci ucz\u0105cych si\u0119 we wrzesi\u0144skich szko\u0142ach i ich codzienne bol\u0105czki, znam problemy kierowc\u00f3w, jak i rowerzyst\u00f3w, interesuj\u0105 mnie sprawy naszego miasta, o kt\u00f3rych zawsze mo\u017cesz ze mn\u0105 porozmawia\u0107. Sprawd\u017a mnie, zag\u0142osuj na mnie i na naszego kandydata na Burmistrza, oraz na naszych kandydat\u00f3w do Rady Powiatu.<\/p>\n\n\n\n<p>Chcesz wiedzie\u0107 wi\u0119cej?<\/p>\n\n\n\n<p><a href=\"mailto:robert_cz@o2.pl\">robert_cz@o2.pl<\/a><\/p>\n\n\n\n<p><a href=\"http:\/\/www.projektwrzesnia.pl\/wybory\">www.projektwrzesnia.pl\/wybory<\/a><\/p>\n\n\n\n<p><a href=\"http:\/\/www.facebook.com\/projektwrzesnia\">www.facebook.com\/projektwrzesnia<\/a><\/p>\n<\/div>\n<\/div>\n\n\n\n<div class=\"wp-block-buttons is-layout-flex wp-block-buttons-is-layout-flex\">\n<div class=\"wp-block-button\"><a class=\"wp-block-button__link wp-element-button\" href=\"https:\/\/www.projektwrzesnia.pl\/wordpress\/wybory\/gmina\/\">Powr\u00f3t<\/a><\/div>\n<\/div>\n","protected":false},"excerpt":{"rendered":"<p>Okr\u0119g Wyborczy nr 2 (os. S\u0142awno, os. Tysi\u0105clecia, os. Ko\u015bciuszki) Mam 44 lata, od 3 pokole\u0144 moja rodzina jest zwi\u0105zana z Wrze\u015bni\u0105. Co dzie\u0144 mo\u017cecie mnie spotka\u0107 na ulicach Wrze\u015bni na rowerze, lub na spacerze z rodzin\u0105 i naszym pieskiem. Widz\u0119 Wrze\u015bni\u0119 z Twojej perspektywy, znam problemy dzieci ucz\u0105cych si\u0119 we wrzesi\u0144skich szko\u0142ach i ich [&hellip;]<\/p>\n","protected":false},"author":4,"featured_media":0,"parent":10102282,"menu_order":0,"comment_status":"closed","ping_status":"closed","template":"","meta":{"_acf_changed":false,"footnotes":""},"class_list":["post-10102506","page","type-page","status-publish","hentry"],"acf":[],"_links":{"self":[{"href":"https:\/\/www.projektwrzesnia.pl\/wordpress\/wp-json\/wp\/v2\/pages\/10102506","targetHints":{"allow":["GET"]}}],"collection":[{"href":"https:\/\/www.projektwrzesnia.pl\/wordpress\/wp-json\/wp\/v2\/pages"}],"about":[{"href":"https:\/\/www.projektwrzesnia.pl\/wordpress\/wp-json\/wp\/v2\/types\/page"}],"author":[{"embeddable":true,"href":"https:\/\/www.projektwrzesnia.pl\/wordpress\/wp-json\/wp\/v2\/users\/4"}],"replies":[{"embeddable":true,"href":"https:\/\/www.projektwrzesnia.pl\/wordpress\/wp-json\/wp\/v2\/comments?post=10102506"}],"version-history":[{"count":3,"href":"https:\/\/www.projektwrzesnia.pl\/wordpress\/wp-json\/wp\/v2\/pages\/10102506\/revisions"}],"predecessor-version":[{"id":10102766,"href":"https:\/\/www.projektwrzesnia.pl\/wordpress\/wp-json\/wp\/v2\/pages\/10102506\/revisions\/10102766"}],"up":[{"embeddable":true,"href":"https:\/\/www.projektwrzesnia.pl\/wordpress\/wp-json\/wp\/v2\/pages\/10102282"}],"wp:attachment":[{"href":"https:\/\/www.projektwrzesnia.pl\/wordpress\/wp-json\/wp\/v2\/media?parent=10102506"}],"curies":[{"name":"wp","href":"https:\/\/api.w.org\/{rel}","templated":true}]}}